{"id":84,"date":"2020-06-01T18:07:07","date_gmt":"2020-06-01T18:07:07","guid":{"rendered":"http:\/\/isft182.edu.ar\/?page_id=84"},"modified":"2021-07-05T14:16:58","modified_gmt":"2021-07-05T17:16:58","slug":"inscripcion-a-mesas-de-examenes","status":"publish","type":"page","link":"https:\/\/isft182.edu.ar\/index.php\/inscripcion-a-mesas-de-examenes\/","title":{"rendered":"Inscripci\u00f3n a Mesas de Ex\u00e1menes"},"content":{"rendered":"\n<p><strong>Aclaraci\u00f3n<\/strong><\/p>\n\n\n\n<p>Por el momento, el sistema de Inscripci\u00f3n a Mesas de Ex\u00e1menes se encuentra habilitado para las siguientes carreras:<\/p>\n\n\n\n<ul class=\"wp-block-list\"><li>An\u00e1lisis de Sistemas<\/li><li>Administraci\u00f3n de Recursos Humanos<\/li><li>Higiene y Seguridad en el Trabajo<\/li><li>Instrumentaci\u00f3n Quir\u00fargica<\/li><li>Enfermer\u00eda<\/li><li>Administraci\u00f3n General<\/li><li>Instalaci\u00f3n y Mantenimiento de Sistemas de C\u00f3mputos<\/li><li>Comunicaci\u00f3n Multimedial<\/li><\/ul>\n\n\n\n<p><strong>Accesos Directos<\/strong><\/p>\n\n\n\n<p><a href=\"http:\/\/www.isft182.edu.ar\/doc\/Manual%20del%20usuario%20clementina%20version%201.0.pdf\">Desde aqu\u00ed podr\u00e1s acceder al MANUAL de instrucciones de CLEMENTINA<\/a><\/p>\n\n\n\n<p><a href=\"http:\/\/www.isft182.edu.ar\/virtualis\/reg328\/ext879\/registro.html\">Desde aqu\u00ed podr\u00e1s REGISTRARTE al sistema CLEMENTINA<\/a><\/p>\n\n\n\n<p><a href=\"http:\/\/isft182.edu.ar\/index.php\/acceso-a-clementina\/\">Desde aqu\u00ed podr\u00e1s ACCEDER al sistema CLEMENTINA<\/a><\/p>\n\n\n\n<p><a href=\"http:\/\/www.isft182.edu.ar\/virtualis\/RecuperarContrasenia.html\" target=\"_blank\" rel=\"noreferrer noopener\">Desde aqu\u00ed podr\u00e1s RECUPERAR la CONTRASE\u00d1A de CLEMENTINA<\/a><\/p>\n\n\n\n<p><strong>Ayuda para acceder a Clementina<\/strong><\/p>\n\n\n\n<p>En caso de tener otras dificultades con el acceso a Clementina, deben enviar un mail explicando la situaci\u00f3n a:<strong>&nbsp;soporte@isft182.edu.ar&nbsp;&nbsp;(este mail es solo para consultas de Clementina)<\/strong><\/p>\n\n\n\n<p>Por favor, no olviden agregar sus datos:<\/p>\n\n\n\n<ul class=\"wp-block-list\"><li>DNI<\/li><li>Apellido y nombres<\/li><li>Carrera<\/li><\/ul>\n","protected":false},"excerpt":{"rendered":"<p>Aclaraci\u00f3n Por el momento, el sistema de Inscripci\u00f3n a Mesas de Ex\u00e1menes se encuentra habilitado para las siguientes carreras: An\u00e1lisis de Sistemas Administraci\u00f3n de Recursos<span class=\"read-more-link\"><a class=\"read-more\" href=\"https:\/\/isft182.edu.ar\/index.php\/inscripcion-a-mesas-de-examenes\/\">Read More<\/a><\/span><\/p>\n","protected":false},"author":5,"featured_media":0,"parent":0,"menu_order":0,"comment_status":"closed","ping_status":"closed","template":"","meta":{"footnotes":""},"class_list":["post-84","page","type-page","status-publish","hentry"],"_links":{"self":[{"href":"https:\/\/isft182.edu.ar\/index.php\/wp-json\/wp\/v2\/pages\/84"}],"collection":[{"href":"https:\/\/isft182.edu.ar\/index.php\/wp-json\/wp\/v2\/pages"}],"about":[{"href":"https:\/\/isft182.edu.ar\/index.php\/wp-json\/wp\/v2\/types\/page"}],"author":[{"embeddable":true,"href":"https:\/\/isft182.edu.ar\/index.php\/wp-json\/wp\/v2\/users\/5"}],"replies":[{"embeddable":true,"href":"https:\/\/isft182.edu.ar\/index.php\/wp-json\/wp\/v2\/comments?post=84"}],"version-history":[{"count":7,"href":"https:\/\/isft182.edu.ar\/index.php\/wp-json\/wp\/v2\/pages\/84\/revisions"}],"predecessor-version":[{"id":1209,"href":"https:\/\/isft182.edu.ar\/index.php\/wp-json\/wp\/v2\/pages\/84\/revisions\/1209"}],"wp:attachment":[{"href":"https:\/\/isft182.edu.ar\/index.php\/wp-json\/wp\/v2\/media?parent=84"}],"curies":[{"name":"wp","href":"https:\/\/api.w.org\/{rel}","templated":true}]}}